{"id":81,"date":"2014-12-11T08:07:44","date_gmt":"2014-12-11T08:07:44","guid":{"rendered":"http:\/\/themes.muffingroup.com\/be\/driving\/?page_id=2"},"modified":"2025-12-01T16:38:35","modified_gmt":"2025-12-01T15:38:35","slug":"home","status":"publish","type":"page","link":"https:\/\/www.stefanogiusti.com\/it\/","title":{"rendered":"Home"},"content":{"rendered":"<p>SCOPRI I NOSTRI SERVIZI<\/p>\n<h2 style=\"margin: 0;\">NOLEGGIO <span class=\"themecolor\">AUTO CON AUTISTA<\/span> TOSCANA FIRENZE SIENA NCC<\/h2>\n<p>center<\/p>\n<p>no-repeat;center top;;<\/p>\n<p>default<\/p>\n<p>SCOPRI I NOSTRI SERVIZI<\/p>\n<h2 style=\"margin: 0;\">SCOPRI I NOSTRI <span class=\"themecolor\">SERVIZI<\/span><\/h2>\n<p>center<\/p>\n<p>no-repeat;center top;;<\/p>\n<p>TRASFERIMENTI PRIVATI<\/p>\n<p>Trasferimenti privati da e per porti, aeroporti e stazioni ferroviarie situate in Firenze, Pisa, Siena, Livorno e in ogni citt\u00e0 della Toscana oltre che trasferimenti privati da e per i maggiori aeroporti italiani, Roma aeroporto Fiumicino e Ciampino, Milano aeroporto Malpensa e Linate, Bologna aeroporto Marconi. Trasferimenti privati da e per i porti di Livorno, La Spezia e Civitavecchia.<\/p>\n<p>icon-lamp<\/p>\n<p><img decoding=\"async\" src=\"http:\/\/www.stefanogiusti.com\/wp-content\/uploads\/2014\/12\/trasferimenti-privati.jpg\" alt=\"\" \/><\/p>\n<p>top<\/p>\n<p><a href=\"\/trasferimenti-privati\/\">\/trasferimenti-privati\/<\/a><\/p>\n<p>CENE, EVENTI E MATRIMONI<\/p>\n<p>Disposizione di auto privata con autista a disposizione del cliente per cene, eventi e matrimoni.<\/p>\n<p>icon-lamp<\/p>\n<p><img decoding=\"async\" src=\"http:\/\/www.stefanogiusti.com\/wp-content\/uploads\/2014\/12\/matrimoni.jpg\" alt=\"\" \/><\/p>\n<p>top<\/p>\n<p>WINE TOURS<\/p>\n<p>Tour privati richiesti da agenzie di viaggio per visitatori che vogliono visitare la campagna Toscana, in particolar modo, per gli amanti dei vini pregiati, la zona del Chianti Classico compresa fra Firenze e Siena, del Brunello di Montalcino e della Maremma Toscana.<\/p>\n<p>icon-lamp<\/p>\n<p><img decoding=\"async\" src=\"http:\/\/www.stefanogiusti.com\/wp-content\/uploads\/2014\/12\/wine_tours.jpg\" alt=\"\" \/><\/p>\n<p>top<\/p>\n<p><a href=\"\/tour-privati\/\">\/tour-privati\/<\/a><\/p>\n<p>default<\/p>\n<p>CONGRESSI, INCENTIVE E MEETING<\/p>\n<p>Autista e auto privata per servizi durante congressi, incentive e meeting. Spostamenti per uomini d\u2019affari ed amministratori di aziende, studi legali ed ogni tipo di imprese commerciali.<\/p>\n<p>icon-lamp<\/p>\n<p><img decoding=\"async\" src=\"http:\/\/www.stefanogiusti.com\/wp-content\/uploads\/2014\/12\/business.jpg\" alt=\"\" \/><\/p>\n<p>top<\/p>\n<p>SHOPPING TOURS<\/p>\n<p>Tour basati sullo shopping con visite ai pi\u00f9 importanti luoghi dell\u2019artigianato locale oppure ai famosi centri outlet The Mall Outlet, Barberino Designer Outlet, Valdichiana Outlet Village.<\/p>\n<p>icon-lamp<\/p>\n<p><img decoding=\"async\" src=\"http:\/\/www.stefanogiusti.com\/wp-content\/uploads\/2014\/12\/shopping.jpg\" alt=\"\" \/><\/p>\n<p>top<\/p>\n<p><a href=\"\/trasferimenti-escursioni\/\">\/trasferimenti-escursioni\/<\/a><\/p>\n<p>SHORE EXCURSIONS<\/p>\n<p>Tour privati con auto e autista parlante inglese, dal porto di Livorno per visitare Pisa, Firenze, Lucca. Dal porto di La Spezia per visitare Pisa, Lucca, Cinque Terre. Dal porto di Civitavecchia per visitare Roma.<\/p>\n<p>icon-lamp<\/p>\n<p><img decoding=\"async\" src=\"http:\/\/www.stefanogiusti.com\/wp-content\/uploads\/2014\/12\/firenze.jpg\" alt=\"\" \/><\/p>\n<p>top<\/p>\n<p><a href=\"\/trasferimenti-escursioni\/\">\/trasferimenti-escursioni\/<\/a><\/p>\n<p>WELCOME TO EASY DRIVING CLUB LESSONS<\/p>\n<h2 style=\"margin: 0;\">VEICOLI <span class=\"themecolor\">DI LUSSO<\/span> PER UNA <span class=\"themecolor\">CLIENTELA VIP<\/span><\/h2>\n<p>center<\/p>\n<p>no-repeat;center top;;<\/p>\n<p>LA COMPAGNIA<\/p>\n<h3>CHI SIAMO<\/h3>\n<p><div class=\"image_frame image_item no_link scale-with-grid no_border\" ><div class=\"image_wrapper\"><img loading=\"lazy\" decoding=\"async\" class=\"scale-with-grid\" src=\"http:\/\/www.stefanogiusti.com\/wp-content\/uploads\/2016\/04\/logo-stefano-giusti-home-03.png\" alt=\"logo stefano giusti home-03\" width=\"409\" height=\"90\" \/><\/div><\/div>\n<br \/>\n<hr class=\"no_line\" style=\"margin: 0 auto 20px;\"\/>\n<\/p>\n<p>L\u2019 azienda <b>Giusti Stefano &amp; C Snc <\/b>offre un servizio di autonoleggio auto con autista (NCC Noleggio Con Conducente) per ogni esigenza di spostamento in Firenze, Toscana, Italia.<br \/>\nLe nostre autovetture vengono condotte da autisti in possesso di tutti i requisiti necessari per il pubblico trasporto, parlanti inglese. I veicoli vengono controllati annualmente dall\u2019ufficio preposto dal Ministero dei Trasporti e sono assicurati fino a 20.000.000,oo di euro.<br \/>\nLa nostra societ\u00e0 di Noleggio Auto Con Autista, utilizza esclusivamente <b>veicoli di lusso per una clientela VIP<\/b>, veicoli quasi esclusivamente di casa <b>Mercedes<\/b> e che offrono le migliori condizioni di confort ed un alto standard qualitativo.<br \/>\nLa societ\u00e0 di noleggio auto con autista Giusti Stefano &amp; C. Snc, garantisce sempre il massimo in termini di efficienza delle proprie vetture sempre al di sopra dei comuni standard.<br \/>\nGli autisti forniti dalla nostra societ\u00e0 di limousine services sono veri professionisti del settore del trasporto privato di persone, possiedono tutti i titoli professionali previsti dalle leggi Italiane e garantiscono sempre e comunque la <b>privacy dei nostri clienti<\/b> oltre che una professionalit\u00e0 specifica, flessibilit\u00e0, ottima conoscenza del territorio e puntualit\u00e0.<br \/>\nLe nostre auto e van sono regolamentate immatricolate per il servizio di trasporto pubblico con autorizzazione NCC (Noleggio Con Conducente) e la nostra azienda di noleggio auto con autista, dispone quindi di ogni autorizzazione necessaria per poter circolare all\u2019interno dei centri storici dove \u00e8 presente la <b>Zona a Traffico Limitato<\/b> ed anche in alcune aree destinate al solo passaggio pedonale. Vedi citt\u00e0 come Firenze e Siena.<\/p>\n<p>no-repeat;center top;;<\/p>\n<p>PHOTO GALLERY<\/p>\n<h3>PHOTO GALLERY<\/h3>\n\n\t\t\t<style type='text\/css'>\n\t\t\t\t#gallery-1 {\n\t\t\t\t\tmargin: auto;\n\t\t\t\t}\n\t\t\t\t#gallery-1 .gallery-item {\n\t\t\t\t\tfloat: left;\n\t\t\t\t\tmargin-top: 10px;\n\t\t\t\t\ttext-align: center;\n\t\t\t\t\twidth: 33.33%;\n\t\t\t\t}\n\t\t\t\t#gallery-1 img {\n\t\t\t\t\tborder: 2px solid #cfcfcf;\n\t\t\t\t}\n\t\t\t\t#gallery-1 .gallery-caption {\n\t\t\t\t\tmargin-left: 0;\n\t\t\t\t}\n\t\t\t\t\/* see gallery_shortcode() in wp-includes\/media.php *\/\n\t\t\t<\/style>\n\t\t<div id='gallery-1' class='gallery galleryid-81 gallery-columns-3 gallery-size-thumbnail file'><dl class='gallery-item'>\n\t\t\t\t<dt class='gallery-icon landscape'>\n\t\t\t\t\t<a href='https:\/\/www.stefanogiusti.com\/wp-content\/uploads\/2016\/04\/1.jpg'><img loading=\"lazy\" decoding=\"async\" width=\"150\" height=\"150\" src=\"https:\/\/www.stefanogiusti.com\/wp-content\/uploads\/2016\/04\/1-150x150.jpg\" class=\"attachment-thumbnail size-thumbnail\" alt=\"\" srcset=\"https:\/\/www.stefanogiusti.com\/wp-content\/uploads\/2016\/04\/1-150x150.jpg 150w, https:\/\/www.stefanogiusti.com\/wp-content\/uploads\/2016\/04\/1-85x85.jpg 85w, https:\/\/www.stefanogiusti.com\/wp-content\/uploads\/2016\/04\/1-80x80.jpg 80w\" sizes=\"auto, (max-width: 150px) 100vw, 150px\" \/><\/a>\n\t\t\t\t<\/dt><\/dl><dl class='gallery-item'>\n\t\t\t\t<dt class='gallery-icon landscape'>\n\t\t\t\t\t<a href='https:\/\/www.stefanogiusti.com\/wp-content\/uploads\/2016\/04\/2.jpg'><img loading=\"lazy\" decoding=\"async\" width=\"150\" height=\"150\" src=\"https:\/\/www.stefanogiusti.com\/wp-content\/uploads\/2016\/04\/2-150x150.jpg\" class=\"attachment-thumbnail size-thumbnail\" alt=\"\" srcset=\"https:\/\/www.stefanogiusti.com\/wp-content\/uploads\/2016\/04\/2-150x150.jpg 150w, https:\/\/www.stefanogiusti.com\/wp-content\/uploads\/2016\/04\/2-85x85.jpg 85w, https:\/\/www.stefanogiusti.com\/wp-content\/uploads\/2016\/04\/2-80x80.jpg 80w\" sizes=\"auto, (max-width: 150px) 100vw, 150px\" \/><\/a>\n\t\t\t\t<\/dt><\/dl><dl class='gallery-item'>\n\t\t\t\t<dt class='gallery-icon landscape'>\n\t\t\t\t\t<a href='https:\/\/www.stefanogiusti.com\/wp-content\/uploads\/2016\/04\/3.jpg'><img loading=\"lazy\" decoding=\"async\" width=\"150\" height=\"150\" src=\"https:\/\/www.stefanogiusti.com\/wp-content\/uploads\/2016\/04\/3-150x150.jpg\" class=\"attachment-thumbnail size-thumbnail\" alt=\"\" srcset=\"https:\/\/www.stefanogiusti.com\/wp-content\/uploads\/2016\/04\/3-150x150.jpg 150w, https:\/\/www.stefanogiusti.com\/wp-content\/uploads\/2016\/04\/3-85x85.jpg 85w, https:\/\/www.stefanogiusti.com\/wp-content\/uploads\/2016\/04\/3-80x80.jpg 80w\" sizes=\"auto, (max-width: 150px) 100vw, 150px\" \/><\/a>\n\t\t\t\t<\/dt><\/dl><br style=\"clear: both\" \/><dl class='gallery-item'>\n\t\t\t\t<dt class='gallery-icon landscape'>\n\t\t\t\t\t<a href='https:\/\/www.stefanogiusti.com\/wp-content\/uploads\/2016\/04\/4.jpg'><img loading=\"lazy\" decoding=\"async\" width=\"150\" height=\"150\" src=\"https:\/\/www.stefanogiusti.com\/wp-content\/uploads\/2016\/04\/4-150x150.jpg\" class=\"attachment-thumbnail size-thumbnail\" alt=\"\" srcset=\"https:\/\/www.stefanogiusti.com\/wp-content\/uploads\/2016\/04\/4-150x150.jpg 150w, https:\/\/www.stefanogiusti.com\/wp-content\/uploads\/2016\/04\/4-85x85.jpg 85w, https:\/\/www.stefanogiusti.com\/wp-content\/uploads\/2016\/04\/4-80x80.jpg 80w\" sizes=\"auto, (max-width: 150px) 100vw, 150px\" \/><\/a>\n\t\t\t\t<\/dt><\/dl><dl class='gallery-item'>\n\t\t\t\t<dt class='gallery-icon landscape'>\n\t\t\t\t\t<a href='https:\/\/www.stefanogiusti.com\/wp-content\/uploads\/2016\/04\/5.jpg'><img loading=\"lazy\" decoding=\"async\" width=\"150\" height=\"150\" src=\"https:\/\/www.stefanogiusti.com\/wp-content\/uploads\/2016\/04\/5-150x150.jpg\" class=\"attachment-thumbnail size-thumbnail\" alt=\"\" srcset=\"https:\/\/www.stefanogiusti.com\/wp-content\/uploads\/2016\/04\/5-150x150.jpg 150w, https:\/\/www.stefanogiusti.com\/wp-content\/uploads\/2016\/04\/5-85x85.jpg 85w, https:\/\/www.stefanogiusti.com\/wp-content\/uploads\/2016\/04\/5-80x80.jpg 80w\" sizes=\"auto, (max-width: 150px) 100vw, 150px\" \/><\/a>\n\t\t\t\t<\/dt><\/dl><dl class='gallery-item'>\n\t\t\t\t<dt class='gallery-icon landscape'>\n\t\t\t\t\t<a href='https:\/\/www.stefanogiusti.com\/wp-content\/uploads\/2016\/04\/6.jpg'><img loading=\"lazy\" decoding=\"async\" width=\"150\" height=\"150\" src=\"https:\/\/www.stefanogiusti.com\/wp-content\/uploads\/2016\/04\/6-150x150.jpg\" class=\"attachment-thumbnail size-thumbnail\" alt=\"\" srcset=\"https:\/\/www.stefanogiusti.com\/wp-content\/uploads\/2016\/04\/6-150x150.jpg 150w, https:\/\/www.stefanogiusti.com\/wp-content\/uploads\/2016\/04\/6-85x85.jpg 85w, https:\/\/www.stefanogiusti.com\/wp-content\/uploads\/2016\/04\/6-80x80.jpg 80w\" sizes=\"auto, (max-width: 150px) 100vw, 150px\" \/><\/a>\n\t\t\t\t<\/dt><\/dl><br style=\"clear: both\" \/><dl class='gallery-item'>\n\t\t\t\t<dt class='gallery-icon landscape'>\n\t\t\t\t\t<a href='https:\/\/www.stefanogiusti.com\/wp-content\/uploads\/2016\/04\/7.jpg'><img loading=\"lazy\" decoding=\"async\" width=\"150\" height=\"150\" src=\"https:\/\/www.stefanogiusti.com\/wp-content\/uploads\/2016\/04\/7-150x150.jpg\" class=\"attachment-thumbnail size-thumbnail\" alt=\"\" srcset=\"https:\/\/www.stefanogiusti.com\/wp-content\/uploads\/2016\/04\/7-150x150.jpg 150w, https:\/\/www.stefanogiusti.com\/wp-content\/uploads\/2016\/04\/7-85x85.jpg 85w, https:\/\/www.stefanogiusti.com\/wp-content\/uploads\/2016\/04\/7-80x80.jpg 80w\" sizes=\"auto, (max-width: 150px) 100vw, 150px\" \/><\/a>\n\t\t\t\t<\/dt><\/dl><dl class='gallery-item'>\n\t\t\t\t<dt class='gallery-icon landscape'>\n\t\t\t\t\t<a href='https:\/\/www.stefanogiusti.com\/wp-content\/uploads\/2016\/04\/8.jpg'><img loading=\"lazy\" decoding=\"async\" width=\"150\" height=\"150\" src=\"https:\/\/www.stefanogiusti.com\/wp-content\/uploads\/2016\/04\/8-150x150.jpg\" class=\"attachment-thumbnail size-thumbnail\" alt=\"\" srcset=\"https:\/\/www.stefanogiusti.com\/wp-content\/uploads\/2016\/04\/8-150x150.jpg 150w, https:\/\/www.stefanogiusti.com\/wp-content\/uploads\/2016\/04\/8-85x85.jpg 85w, https:\/\/www.stefanogiusti.com\/wp-content\/uploads\/2016\/04\/8-80x80.jpg 80w\" sizes=\"auto, (max-width: 150px) 100vw, 150px\" \/><\/a>\n\t\t\t\t<\/dt><\/dl><dl class='gallery-item'>\n\t\t\t\t<dt class='gallery-icon landscape'>\n\t\t\t\t\t<a href='https:\/\/www.stefanogiusti.com\/wp-content\/uploads\/2016\/04\/9.jpg'><img loading=\"lazy\" decoding=\"async\" width=\"150\" height=\"150\" src=\"https:\/\/www.stefanogiusti.com\/wp-content\/uploads\/2016\/04\/9-150x150.jpg\" class=\"attachment-thumbnail size-thumbnail\" alt=\"\" srcset=\"https:\/\/www.stefanogiusti.com\/wp-content\/uploads\/2016\/04\/9-150x150.jpg 150w, https:\/\/www.stefanogiusti.com\/wp-content\/uploads\/2016\/04\/9-85x85.jpg 85w, https:\/\/www.stefanogiusti.com\/wp-content\/uploads\/2016\/04\/9-80x80.jpg 80w\" sizes=\"auto, (max-width: 150px) 100vw, 150px\" \/><\/a>\n\t\t\t\t<\/dt><\/dl><br style=\"clear: both\" \/>\n\t\t\t<\/div>\n\n<p>no-repeat;center top;;<\/p>\n<p>date<\/p>\n<p>DESC<\/p>\n","protected":false},"excerpt":{"rendered":"<p>SCOPRI I NOSTRI SERVIZI NOLEGGIO AUTO CON AUTISTA TOSCANA FIRENZE SIENA NCC center no-repeat;center top;; default SCOPRI I NOSTRI SERVIZI SCOPRI I NOSTRI SERVIZI center no-repeat;center [&hellip;]<\/p>\n","protected":false},"author":1,"featured_media":0,"parent":0,"menu_order":0,"comment_status":"open","ping_status":"open","template":"","meta":{"footnotes":""},"class_list":["post-81","page","type-page","status-publish","hentry"],"yoast_head":"<!-- This site is optimized with the Yoast SEO plugin v26.8 - https:\/\/yoast.com\/product\/yoast-seo-wordpress\/ -->\n<title>Noleggio auto con autista Toscana Firenze Siena NCC<\/title>\n<meta name=\"description\" content=\"noleggio auto con autista Toscana Firenze Siena NCC, Noleggio con conducente Siena, Pisa. Trasferimenti privati da e per aeroporti Pisa, Firenze, Bologna.\" \/>\n<meta name=\"robots\" content=\"index, follow, max-snippet:-1, max-image-preview:large, max-video-preview:-1\" \/>\n<link rel=\"canonical\" href=\"https:\/\/www.stefanogiusti.com\/it\/\" \/>\n<meta property=\"og:locale\" content=\"it_IT\" \/>\n<meta property=\"og:type\" content=\"article\" \/>\n<meta property=\"og:title\" content=\"Noleggio auto con autista Toscana Firenze Siena NCC\" \/>\n<meta property=\"og:description\" content=\"noleggio auto con autista Toscana Firenze Siena NCC, Noleggio con conducente Siena, Pisa. Trasferimenti privati da e per aeroporti Pisa, Firenze, Bologna.\" \/>\n<meta property=\"og:url\" content=\"https:\/\/www.stefanogiusti.com\/it\/\" \/>\n<meta property=\"og:site_name\" content=\"Car Rental with driver in Florence, Tuscany\" \/>\n<meta property=\"article:modified_time\" content=\"2025-12-01T15:38:35+00:00\" \/>\n<meta property=\"og:image\" content=\"https:\/\/www.stefanogiusti.com\/wp-content\/uploads\/2016\/04\/1-150x150.jpg\" \/>\n<meta name=\"twitter:card\" content=\"summary_large_image\" \/>\n<meta name=\"twitter:label1\" content=\"Tempo di lettura stimato\" \/>\n\t<meta name=\"twitter:data1\" content=\"5 minuti\" \/>\n<script type=\"application\/ld+json\" class=\"yoast-schema-graph\">{\"@context\":\"https:\/\/schema.org\",\"@graph\":[{\"@type\":\"WebPage\",\"@id\":\"https:\/\/www.stefanogiusti.com\/it\/\",\"url\":\"https:\/\/www.stefanogiusti.com\/it\/\",\"name\":\"Noleggio auto con autista Toscana Firenze Siena NCC\",\"isPartOf\":{\"@id\":\"https:\/\/www.stefanogiusti.com\/#website\"},\"primaryImageOfPage\":{\"@id\":\"https:\/\/www.stefanogiusti.com\/it\/#primaryimage\"},\"image\":{\"@id\":\"https:\/\/www.stefanogiusti.com\/it\/#primaryimage\"},\"thumbnailUrl\":\"http:\/\/www.stefanogiusti.com\/wp-content\/uploads\/2014\/12\/trasferimenti-privati.jpg\",\"datePublished\":\"2014-12-11T08:07:44+00:00\",\"dateModified\":\"2025-12-01T15:38:35+00:00\",\"description\":\"noleggio auto con autista Toscana Firenze Siena NCC, Noleggio con conducente Siena, Pisa. Trasferimenti privati da e per aeroporti Pisa, Firenze, Bologna.\",\"breadcrumb\":{\"@id\":\"https:\/\/www.stefanogiusti.com\/it\/#breadcrumb\"},\"inLanguage\":\"it-IT\",\"potentialAction\":[{\"@type\":\"ReadAction\",\"target\":[\"https:\/\/www.stefanogiusti.com\/it\/\"]}]},{\"@type\":\"ImageObject\",\"inLanguage\":\"it-IT\",\"@id\":\"https:\/\/www.stefanogiusti.com\/it\/#primaryimage\",\"url\":\"http:\/\/www.stefanogiusti.com\/wp-content\/uploads\/2014\/12\/trasferimenti-privati.jpg\",\"contentUrl\":\"http:\/\/www.stefanogiusti.com\/wp-content\/uploads\/2014\/12\/trasferimenti-privati.jpg\"},{\"@type\":\"BreadcrumbList\",\"@id\":\"https:\/\/www.stefanogiusti.com\/it\/#breadcrumb\",\"itemListElement\":[{\"@type\":\"ListItem\",\"position\":1,\"name\":\"Home\",\"item\":\"https:\/\/www.stefanogiusti.com\/it\/\"},{\"@type\":\"ListItem\",\"position\":2,\"name\":\"Home\"}]},{\"@type\":\"WebSite\",\"@id\":\"https:\/\/www.stefanogiusti.com\/#website\",\"url\":\"https:\/\/www.stefanogiusti.com\/\",\"name\":\"Car Rental with driver in Florence, Tuscany\",\"description\":\"Car Rental with driver in Florence, Tuscany\",\"potentialAction\":[{\"@type\":\"SearchAction\",\"target\":{\"@type\":\"EntryPoint\",\"urlTemplate\":\"https:\/\/www.stefanogiusti.com\/?s={search_term_string}\"},\"query-input\":{\"@type\":\"PropertyValueSpecification\",\"valueRequired\":true,\"valueName\":\"search_term_string\"}}],\"inLanguage\":\"it-IT\"}]}<\/script>\n<!-- \/ Yoast SEO plugin. -->","yoast_head_json":{"title":"Noleggio auto con autista Toscana Firenze Siena NCC","description":"noleggio auto con autista Toscana Firenze Siena NCC, Noleggio con conducente Siena, Pisa. Trasferimenti privati da e per aeroporti Pisa, Firenze, Bologna.","robots":{"index":"index","follow":"follow","max-snippet":"max-snippet:-1","max-image-preview":"max-image-preview:large","max-video-preview":"max-video-preview:-1"},"canonical":"https:\/\/www.stefanogiusti.com\/it\/","og_locale":"it_IT","og_type":"article","og_title":"Noleggio auto con autista Toscana Firenze Siena NCC","og_description":"noleggio auto con autista Toscana Firenze Siena NCC, Noleggio con conducente Siena, Pisa. Trasferimenti privati da e per aeroporti Pisa, Firenze, Bologna.","og_url":"https:\/\/www.stefanogiusti.com\/it\/","og_site_name":"Car Rental with driver in Florence, Tuscany","article_modified_time":"2025-12-01T15:38:35+00:00","og_image":[{"url":"https:\/\/www.stefanogiusti.com\/wp-content\/uploads\/2016\/04\/1-150x150.jpg","type":"","width":"","height":""}],"twitter_card":"summary_large_image","twitter_misc":{"Tempo di lettura stimato":"5 minuti"},"schema":{"@context":"https:\/\/schema.org","@graph":[{"@type":"WebPage","@id":"https:\/\/www.stefanogiusti.com\/it\/","url":"https:\/\/www.stefanogiusti.com\/it\/","name":"Noleggio auto con autista Toscana Firenze Siena NCC","isPartOf":{"@id":"https:\/\/www.stefanogiusti.com\/#website"},"primaryImageOfPage":{"@id":"https:\/\/www.stefanogiusti.com\/it\/#primaryimage"},"image":{"@id":"https:\/\/www.stefanogiusti.com\/it\/#primaryimage"},"thumbnailUrl":"http:\/\/www.stefanogiusti.com\/wp-content\/uploads\/2014\/12\/trasferimenti-privati.jpg","datePublished":"2014-12-11T08:07:44+00:00","dateModified":"2025-12-01T15:38:35+00:00","description":"noleggio auto con autista Toscana Firenze Siena NCC, Noleggio con conducente Siena, Pisa. Trasferimenti privati da e per aeroporti Pisa, Firenze, Bologna.","breadcrumb":{"@id":"https:\/\/www.stefanogiusti.com\/it\/#breadcrumb"},"inLanguage":"it-IT","potentialAction":[{"@type":"ReadAction","target":["https:\/\/www.stefanogiusti.com\/it\/"]}]},{"@type":"ImageObject","inLanguage":"it-IT","@id":"https:\/\/www.stefanogiusti.com\/it\/#primaryimage","url":"http:\/\/www.stefanogiusti.com\/wp-content\/uploads\/2014\/12\/trasferimenti-privati.jpg","contentUrl":"http:\/\/www.stefanogiusti.com\/wp-content\/uploads\/2014\/12\/trasferimenti-privati.jpg"},{"@type":"BreadcrumbList","@id":"https:\/\/www.stefanogiusti.com\/it\/#breadcrumb","itemListElement":[{"@type":"ListItem","position":1,"name":"Home","item":"https:\/\/www.stefanogiusti.com\/it\/"},{"@type":"ListItem","position":2,"name":"Home"}]},{"@type":"WebSite","@id":"https:\/\/www.stefanogiusti.com\/#website","url":"https:\/\/www.stefanogiusti.com\/","name":"Car Rental with driver in Florence, Tuscany","description":"Car Rental with driver in Florence, Tuscany","potentialAction":[{"@type":"SearchAction","target":{"@type":"EntryPoint","urlTemplate":"https:\/\/www.stefanogiusti.com\/?s={search_term_string}"},"query-input":{"@type":"PropertyValueSpecification","valueRequired":true,"valueName":"search_term_string"}}],"inLanguage":"it-IT"}]}},"_links":{"self":[{"href":"https:\/\/www.stefanogiusti.com\/it\/wp-json\/wp\/v2\/pages\/81","targetHints":{"allow":["GET"]}}],"collection":[{"href":"https:\/\/www.stefanogiusti.com\/it\/wp-json\/wp\/v2\/pages"}],"about":[{"href":"https:\/\/www.stefanogiusti.com\/it\/wp-json\/wp\/v2\/types\/page"}],"author":[{"embeddable":true,"href":"https:\/\/www.stefanogiusti.com\/it\/wp-json\/wp\/v2\/users\/1"}],"replies":[{"embeddable":true,"href":"https:\/\/www.stefanogiusti.com\/it\/wp-json\/wp\/v2\/comments?post=81"}],"version-history":[{"count":4,"href":"https:\/\/www.stefanogiusti.com\/it\/wp-json\/wp\/v2\/pages\/81\/revisions"}],"predecessor-version":[{"id":3794,"href":"https:\/\/www.stefanogiusti.com\/it\/wp-json\/wp\/v2\/pages\/81\/revisions\/3794"}],"wp:attachment":[{"href":"https:\/\/www.stefanogiusti.com\/it\/wp-json\/wp\/v2\/media?parent=81"}],"curies":[{"name":"wp","href":"https:\/\/api.w.org\/{rel}","templated":true}]}}